{"id":1448,"date":"2020-07-02T15:00:50","date_gmt":"2020-07-02T13:00:50","guid":{"rendered":"https:\/\/hotel.solmarina.pl\/?page_id=1448"},"modified":"2021-03-17T13:51:22","modified_gmt":"2021-03-17T12:51:22","slug":"about-the-developer","status":"publish","type":"page","link":"https:\/\/hotel.solmarina.pl\/en\/about-the-developer\/","title":{"rendered":"About the developer"},"content":{"rendered":"","protected":false},"excerpt":{"rendered":"","protected":false},"author":1,"featured_media":0,"parent":0,"menu_order":0,"comment_status":"closed","ping_status":"closed","template":"template-o-deweloperze.php","meta":[],"acf":[],"yoast_head":"<!-- This site is optimized with the Yoast SEO plugin v21.1 - https:\/\/yoast.com\/wordpress\/plugins\/seo\/ -->\n<title>About the developer - Grano Marina Hotel<\/title>\n<meta name=\"robots\" content=\"index, follow, max-snippet:-1, max-image-preview:large, max-video-preview:-1\" \/>\n<link rel=\"canonical\" href=\"https:\/\/hotel.solmarina.pl\/en\/about-the-developer\/\" \/>\n<meta property=\"og:locale\" content=\"en_US\" \/>\n<meta property=\"og:type\" content=\"article\" \/>\n<meta property=\"og:title\" content=\"About the developer - Grano Marina Hotel\" \/>\n<meta property=\"og:url\" content=\"https:\/\/hotel.solmarina.pl\/en\/about-the-developer\/\" \/>\n<meta property=\"og:site_name\" content=\"Grano Marina Hotel\" \/>\n<meta property=\"article:publisher\" content=\"https:\/\/hotel.solmarina.pl\/?utm_source=dark-traffic&amp;amp%3bamp%3bamp%3butm_medium=social&amp;amp%3bamp%3bamp%3butm_campaign=open-graph\" \/>\n<meta property=\"article:modified_time\" content=\"2021-03-17T12:51:22+00:00\" \/>\n<meta name=\"twitter:card\" content=\"summary_large_image\" \/>\n<script type=\"application\/ld+json\" class=\"yoast-schema-graph\">{\"@context\":\"https:\/\/schema.org\",\"@graph\":[{\"@type\":\"WebPage\",\"@id\":\"https:\/\/hotel.solmarina.pl\/en\/about-the-developer\/\",\"url\":\"https:\/\/hotel.solmarina.pl\/en\/about-the-developer\/\",\"name\":\"About the developer - Grano Marina Hotel\",\"isPartOf\":{\"@id\":\"https:\/\/hotel.solmarina.pl\/#website\"},\"datePublished\":\"2020-07-02T13:00:50+00:00\",\"dateModified\":\"2021-03-17T12:51:22+00:00\",\"breadcrumb\":{\"@id\":\"https:\/\/hotel.solmarina.pl\/en\/about-the-developer\/#breadcrumb\"},\"inLanguage\":\"en-US\",\"potentialAction\":[{\"@type\":\"ReadAction\",\"target\":[\"https:\/\/hotel.solmarina.pl\/en\/about-the-developer\/\"]}]},{\"@type\":\"BreadcrumbList\",\"@id\":\"https:\/\/hotel.solmarina.pl\/en\/about-the-developer\/#breadcrumb\",\"itemListElement\":[{\"@type\":\"ListItem\",\"position\":1,\"name\":\"Strona g\u0142\u00f3wna\",\"item\":\"https:\/\/hotel.solmarina.pl\/en\/\"},{\"@type\":\"ListItem\",\"position\":2,\"name\":\"About the developer\"}]},{\"@type\":\"WebSite\",\"@id\":\"https:\/\/hotel.solmarina.pl\/#website\",\"url\":\"https:\/\/hotel.solmarina.pl\/\",\"name\":\"Grano Marina Hotel\",\"description\":\"Jedyna taka marina... nad Zatok\u0105 Gda\u0144sk\u0105\",\"potentialAction\":[{\"@type\":\"SearchAction\",\"target\":{\"@type\":\"EntryPoint\",\"urlTemplate\":\"https:\/\/hotel.solmarina.pl\/?s={search_term_string}\"},\"query-input\":\"required name=search_term_string\"}],\"inLanguage\":\"en-US\"}]}<\/script>\n<!-- \/ Yoast SEO plugin. -->","yoast_head_json":{"title":"About the developer - Grano Marina Hotel","robots":{"index":"index","follow":"follow","max-snippet":"max-snippet:-1","max-image-preview":"max-image-preview:large","max-video-preview":"max-video-preview:-1"},"canonical":"https:\/\/hotel.solmarina.pl\/en\/about-the-developer\/","og_locale":"en_US","og_type":"article","og_title":"About the developer - Grano Marina Hotel","og_url":"https:\/\/hotel.solmarina.pl\/en\/about-the-developer\/","og_site_name":"Grano Marina Hotel","article_publisher":"https:\/\/hotel.solmarina.pl\/?utm_source=dark-traffic&amp%3bamp%3bamp%3butm_medium=social&amp%3bamp%3bamp%3butm_campaign=open-graph","article_modified_time":"2021-03-17T12:51:22+00:00","twitter_card":"summary_large_image","schema":{"@context":"https:\/\/schema.org","@graph":[{"@type":"WebPage","@id":"https:\/\/hotel.solmarina.pl\/en\/about-the-developer\/","url":"https:\/\/hotel.solmarina.pl\/en\/about-the-developer\/","name":"About the developer - Grano Marina Hotel","isPartOf":{"@id":"https:\/\/hotel.solmarina.pl\/#website"},"datePublished":"2020-07-02T13:00:50+00:00","dateModified":"2021-03-17T12:51:22+00:00","breadcrumb":{"@id":"https:\/\/hotel.solmarina.pl\/en\/about-the-developer\/#breadcrumb"},"inLanguage":"en-US","potentialAction":[{"@type":"ReadAction","target":["https:\/\/hotel.solmarina.pl\/en\/about-the-developer\/"]}]},{"@type":"BreadcrumbList","@id":"https:\/\/hotel.solmarina.pl\/en\/about-the-developer\/#breadcrumb","itemListElement":[{"@type":"ListItem","position":1,"name":"Strona g\u0142\u00f3wna","item":"https:\/\/hotel.solmarina.pl\/en\/"},{"@type":"ListItem","position":2,"name":"About the developer"}]},{"@type":"WebSite","@id":"https:\/\/hotel.solmarina.pl\/#website","url":"https:\/\/hotel.solmarina.pl\/","name":"Grano Marina Hotel","description":"Jedyna taka marina... nad Zatok\u0105 Gda\u0144sk\u0105","potentialAction":[{"@type":"SearchAction","target":{"@type":"EntryPoint","urlTemplate":"https:\/\/hotel.solmarina.pl\/?s={search_term_string}"},"query-input":"required name=search_term_string"}],"inLanguage":"en-US"}]}},"_links":{"self":[{"href":"https:\/\/hotel.solmarina.pl\/en\/wp-json\/wp\/v2\/pages\/1448"}],"collection":[{"href":"https:\/\/hotel.solmarina.pl\/en\/wp-json\/wp\/v2\/pages"}],"about":[{"href":"https:\/\/hotel.solmarina.pl\/en\/wp-json\/wp\/v2\/types\/page"}],"author":[{"embeddable":true,"href":"https:\/\/hotel.solmarina.pl\/en\/wp-json\/wp\/v2\/users\/1"}],"replies":[{"embeddable":true,"href":"https:\/\/hotel.solmarina.pl\/en\/wp-json\/wp\/v2\/comments?post=1448"}],"version-history":[{"count":6,"href":"https:\/\/hotel.solmarina.pl\/en\/wp-json\/wp\/v2\/pages\/1448\/revisions"}],"predecessor-version":[{"id":5488,"href":"https:\/\/hotel.solmarina.pl\/en\/wp-json\/wp\/v2\/pages\/1448\/revisions\/5488"}],"wp:attachment":[{"href":"https:\/\/hotel.solmarina.pl\/en\/wp-json\/wp\/v2\/media?parent=1448"}],"curies":[{"name":"wp","href":"https:\/\/api.w.org\/{rel}","templated":true}]}}