{"id":1458,"date":"2020-07-02T15:50:58","date_gmt":"2020-07-02T13:50:58","guid":{"rendered":"https:\/\/hotel.solmarina.pl\/?page_id=1458"},"modified":"2020-07-02T15:50:58","modified_gmt":"2020-07-02T13:50:58","slug":"rodo","status":"publish","type":"page","link":"https:\/\/hotel.solmarina.pl\/en\/rodo\/","title":{"rendered":"RODO"},"content":{"rendered":"<p>Niniejsza Polityka Prywatno\u015bci okre\u015bla zasady przetwarzania danych przez\u00a0Dekpol S.A. z\u00a0siedzib\u0105 w\u00a0Pinczynie (83-251), przy ul.\u00a0Gajowej 31, NIP: 592-21-37-980, REGON: 220341682 i\/lub jej sp\u00f3\u0142ki zale\u017cne wchodz\u0105ce w\u00a0sk\u0142ad Grupy Kapita\u0142owej Dekpol S.A.<\/p>\n<p><strong>PLIKI COOKIES<\/strong><\/p>\n<ol>\n<li>W\u00a0celu dopasowania komunikacji marketingowej oraz\u00a0oferty produkt\u00f3w i\u00a0us\u0142ug do\u00a0osobistych preferencji i\u00a0zainteresowa\u0144 klienta, Dekpol S.A i\/lub sp\u00f3\u0142ki zale\u017cne stosuj\u0105 rozwi\u0105zania profiluj\u0105ce, kt\u00f3re polegaj\u0105 m.in.\u00a0na\u00a0indywidualizacji wysy\u0142anych komunikat\u00f3w o\u00a0charakterze marketingowym na\u00a0prowadzonych stronach internetowych lub wy\u015bwietlanie w\u0142asnej tre\u015bci na\u00a0zewn\u0119trznych stronach internetowych nale\u017c\u0105cych do\u00a0innych, niezwi\u0105zanych podmiot\u00f3w \u015bwiadcz\u0105cych na\u00a0rzecz Dekpol S.A i\/lub sp\u00f3\u0142ek zale\u017cnych us\u0142ug reklamowych\/marketingowych.<\/li>\n<li>Profilowanie prowadzone jest bazie art. 6 ust. 1 lit. f RODO, tj.\u00a0na\u00a0bazie usprawiedliwionego interesu administratora danych, w\u00a0szczeg\u00f3lno\u015bci w\u00a0celu prowadzenia marketingu bezpo\u015bredniego w\u0142asnych produkt\u00f3w lub us\u0142ug.<\/li>\n<li>Dekpol S.A i\/lub sp\u00f3\u0142ki zale\u017cne nie\u00a0zbieraj\u0105 danych, kt\u00f3re pozwoli\u0142yby na\u00a0jednoznaczn\u0105 identyfikacj\u0119 osoby, za\u015b wszelkie zbierane informacje maj\u0105 na\u00a0celu wy\u0142\u0105cznie personalizacj\u0119 oraz\u00a0lepsze dopasowanie tre\u015bci oferty do\u00a0osobistych preferencji klienta, nie\u00a0za\u015b wywo\u0142anie<br \/>\nistotnych skutk\u00f3w, w\u00a0tym prawnych.<\/li>\n<li>Witryny b\u0119d\u0105ce w\u00a0posiadaniu Dekpol S.A. i\/lub sp\u00f3\u0142ek zale\u017cnych u\u017cywaj\u0105 plik\u00f3w Cookies. S\u0105 to\u00a0pliki tekstowe wysy\u0142ane przez\u00a0serwer www i\u00a0przechowywane przez\u00a0przegl\u0105dark\u0119 internetow\u0105 u\u017cytkownik\u00f3w. Zablokowanie plik\u00f3w cookies przez\u00a0U\u017cytkownika mo\u017ce skutkowa\u0107 nieprawid\u0142owym dzia\u0142aniem naszych serwis\u00f3w internetowych.<\/li>\n<li>Witryny b\u0119d\u0105ce w\u00a0posiadaniu Dekpol S.A. i\/lub sp\u00f3\u0142ek zale\u017cnych wykorzystuj\u0105 pliki cookies w\u00a0nast\u0119puj\u0105cych szczeg\u00f3\u0142owych celach:<br \/>\n\u2022 monitorowanie ruchu na\u00a0naszych stronach internetowych;<br \/>\n\u2022 zbieranie anonimowych, zbiorczych statystyk, kt\u00f3re pozwalaj\u0105 nam zidentyfikowa\u0107, w\u00a0jaki spos\u00f3b u\u017cytkownicy korzystaj\u0105 z\u00a0naszych stron internetowych i\u00a0umo\u017cliwiaj\u0105 nam ci\u0105g\u0142e usprawnianie funkcjonowania naszych serwis\u00f3w internetowych;<br \/>\n\u2022 umo\u017cliwianie dostarczania u\u017cytkownikom tre\u015bci reklamowych bardziej dostosowanych do\u00a0ich zainteresowa\u0144 i\u00a0potrzeb;<br \/>\n\u2022 wykorzystywanie narz\u0119dzi do\u00a0komunikacji;<br \/>\n\u2022 integracje z\u00a0portalami spo\u0142eczno\u015bciowymi.<\/li>\n<li>Witryny b\u0119d\u0105ce w\u00a0posiadaniu Dekpol S.A. i\/lub sp\u00f3\u0142ek zale\u017cnych na\u00a0swoich stronach internetowych wykorzystuj\u0105 narz\u0119dzia podmiot\u00f3w trzecich korzystaj\u0105cych z\u00a0plik\u00f3w cookies, do\u00a0kt\u00f3rych\u00a0zalicza si\u0119:<br \/>\n\u2022 Google Analytics \u2013 wykorzystywanie skryptu Google Analytics w\u00a0monitorowanie ruchu na\u00a0stronach internetowych, zbieranie danych demograficznych (zakres wieku, geolokalizacj\u0119, p\u0142e\u0107) z\u00a0ustawienie\u0144 Google Analytics w\u00a0celach analitycznych i\u00a0statystycznych;<br \/>\n\u2022 Google Adwords \u2013 wykorzystywanie skryptu konwersji oraz\u00a0stosowania remarketingu reklam Adwords w\u00a0celu dostarczania u\u017cytkownikom tre\u015bci reklamowych bardziej dostosowanych do\u00a0ich zainteresowa\u0144 i\u00a0potrzeb;<br \/>\n\u2022 Hotjar \u2013 wykorzystywanie skryptu Hotjar dla u\u0142atwienia komunikacji z\u00a0u\u017cytkownikami oraz\u00a0zbierania danych na\u00a0temat poruszania si\u0119 u\u017cytkownik\u00f3w w\u00a0ramach serwisu internetowego;<br \/>\n\u2022 Callpage \u2013 wykorzystywanie skryptu narz\u0119dzia Callpage dla u\u0142atwienia komunikacji z\u00a0u\u017cytkownikami;<br \/>\n\u2022 Facebook \u2013 wykorzystywanie skryptu pixela Facebooka w\u00a0celu stosowania remarketingu reklam Facebook Ads i\u00a0zbierania danych demograficznych (zakres wieku, geolokalizacj\u0119, p\u0142e\u0107) z\u00a0ustawie\u0144 Facebook Analytics w\u00a0celach analitycznych i\u00a0statystycznych.<\/li>\n<li>U\u017cytkownik mo\u017ce w\u00a0ka\u017cdej chwili usun\u0105\u0107 lub zmieni\u0107 ustawienia dotycz\u0105ce plik\u00f3w cookiesza pomoc\u0105 ustawie\u0144 przegl\u0105darki internetowej:<br \/>\n\u2022 Microsoft Edge \u2013\u00a0<a href=\"https:\/\/privacy.microsoft.com\/pl-pl\/windows-10-microsoft-edgeand-privacy\">https:\/\/privacy.microsoft.com\/pl-pl\/windows-10-microsoft-edgeand-privacy<\/a><br \/>\n\u2022 Internet Explorer \u2013\u00a0<a href=\"https:\/\/support.microsoft.com\/pl-pl\/help\/17442\/windows-internetexplorer-delete-manage-cookies\">https:\/\/support.microsoft.com\/pl-pl\/help\/17442\/windows-internetexplorer-delete-manage-cookies<\/a><br \/>\n\u2022 Firefox \u2013\u00a0<a href=\"https:\/\/support.mozilla.org\/pl\/kb\/ciasteczka\">https:\/\/support.mozilla.org\/pl\/kb\/ciasteczka<\/a><br \/>\n\u2022 Chrome\u00a0<a href=\"https:\/\/support.google.com\/chrome\/answer\/95647?hl=pl\">https:\/\/support.google.com\/chrome\/answer\/95647?hl=pl<\/a><br \/>\n\u2022 Safari \u2013\u00a0<a href=\"https:\/\/support.apple.com\/pl-pl\/HT201265\">https:\/\/support.apple.com\/pl-pl\/HT201265<\/a><br \/>\n\u2022 Opera \u2013\u00a0<a href=\"http:\/\/help.opera.com\/Windows\/12.10\/pl\/cookies.html\">http:\/\/help.opera.com\/Windows\/12.10\/pl\/cookies.html<\/a><\/li>\n<\/ol>\n<p><strong>OCHRONA DANYCH OSOBOWYCH<\/strong><\/p>\n<ol>\n<li>Administratorem danych jest Dekpol S.A. z\u00a0siedzib\u0105 w\u00a0Pinczynie (83-251), przy ul.\u00a0Gajowej 31, NIP: 592-21-37-980, REGON: 220341682 i\/lub jej sp\u00f3\u0142ki zale\u017cne.<\/li>\n<li>Dekpol S.A. i\/lub sp\u00f3\u0142ki zale\u017cne wdro\u017cy\u0142y odpowiednie \u015brodki techniczne i\u00a0organizacyjne, aby zapewni\u0107 stopie\u0144 bezpiecze\u0144stwa odpowiadaj\u0105cy ryzyku naruszenia praw lub wolno\u015bci os\u00f3b fizycznych o\u00a0r\u00f3\u017cnym prawdopodobie\u0144stwie ich wyst\u0105pienia i\u00a0wadze zagro\u017cenia.<\/li>\n<li>W\u00a0zale\u017cno\u015bci do\u00a0dokonywanych czynno\u015bci przetwarzania, Administrator danych, zgodnie z\u00a0art. 6, przetwarza dane osobowe na\u00a0podstawie:<br \/>\na) obowi\u0105zuj\u0105cych przepis\u00f3w prawa,<br \/>\nb) zawartych um\u00f3w,<br \/>\nc) na\u00a0podstawie dobrowolnej zgody osoby, kt\u00f3rej\u00a0dane dotycz\u0105,<br \/>\nd) usprawiedliwionego interesu administratora.<\/li>\n<li>Dane osobowe mog\u0105 by\u0107 przetwarzane w\u00a0nast\u0119puj\u0105cych celach: wype\u0142nienia obowi\u0105zk\u00f3w prawnych ci\u0105\u017c\u0105cych na\u00a0Administratorze, realizacji um\u00f3w zawartych z\u00a0kontrahentami, dla kt\u00f3rych\u00a0podstaw\u0105 prawn\u0105 przetwarzania jest dobrowolna zgoda osoby fizycznej w\u00a0okre\u015blonym celu lub w\u00a0celu wype\u0142nienia prawnie usprawiedliwionych interes\u00f3w administratora.<\/li>\n<li>Dane osobowe U\u017cytkownika mog\u0105 zosta\u0107 ujawnione organom w\u0142adzy publicznej lub podmiotom wykonuj\u0105cym zadania publiczne b\u0105d\u017a dzia\u0142aj\u0105cym na\u00a0zlecenie organ\u00f3w w\u0142adzy publicznej, w\u00a0zakresie i\u00a0w\u00a0celach, kt\u00f3re wynikaj\u0105 z\u00a0przepis\u00f3w powszechnie obowi\u0105zuj\u0105cego<br \/>\nprawa, jak r\u00f3wnie\u017c innym podmiotom, kt\u00f3re na\u00a0podstawie stosownych um\u00f3w podpisanych z\u00a0Administratorem przetwarzaj\u0105 dane osobowe, m.in.:<br \/>\n\u2022 dostawcom us\u0142ug analitycznych (np.\u00a0Google Analytics),<br \/>\n\u2022 dostawcom system\u00f3w kadrowo-ksi\u0119gowych,<br \/>\n\u2022 dostawcom wspomagaj\u0105cych zarz\u0105dzanie baz\u0105 klient\u00f3w (np.\u00a0centrala telefoniczna, CRM itp.),<br \/>\n\u2022 dostawcom us\u0142ug wspieraj\u0105cych akcje marketingowe,<br \/>\n\u2022 dostawcom us\u0142ug hostingowych.<\/li>\n<li>Dane osobowe b\u0119d\u0105 przechowywane: przez\u00a0okres niezb\u0119dny do\u00a0realizacji cel\u00f3w okre\u015blonych w\u00a0pkt. 4, a\u00a0po\u00a0tym czasie przez\u00a0okres oraz\u00a0w\u00a0zakresie wymaganym przez\u00a0przepisy powszechnie obowi\u0105zuj\u0105cego prawa. Je\u017celi przetwarzanie dokonywane jest na\u00a0bazie zgody osoby, kt\u00f3rej\u00a0dane dotycz\u0105, dane osobowe b\u0119d\u0105 przetwarzane od\u00a0momentu ich pozyskania a\u017c do\u00a0chwili wycofania zgody w\u00a0ka\u017cdym dowolnym momencie (bez\u00a0wp\u0142ywu na\u00a0zgodno\u015b\u0107 z\u00a0prawem przetwarzania, kt\u00f3rego\u00a0dokonano na\u00a0podstawie zgody przed\u00a0jej cofni\u0119ciem), wzgl\u0119dnie do\u00a0czasu wyra\u017cenia sprzeciwu wobec przetwarzania.<\/li>\n<li>W\u00a0zwi\u0105zku z\u00a0przetwarzaniem Pani\/Pana danych osobowych przys\u0142uguj\u0105 Pani\/Panu nast\u0119puj\u0105ce uprawnienia: prawo dost\u0119pu do\u00a0danych osobowych, w\u00a0tym prawo do\u00a0uzyskania kopii tych danych; prawo do\u00a0\u017c\u0105dania sprostowania (poprawiania) danych osobowych \u2013 w\u00a0przypadku gdy\u00a0dane s\u0105 nieprawid\u0142owe lub niekompletne; prawo do\u00a0\u017c\u0105dania usuni\u0119cia danych osobowych (tzw. prawo do\u00a0bycia zapomnianym), w\u00a0przypadku gdy: danie nie\u00a0s\u0105 ju\u017c niezb\u0119dne do\u00a0cel\u00f3w, dla kt\u00f3rych\u00a0by\u0142y zebrane lub w\u00a0inny spos\u00f3b przetwarzane, osoba , kt\u00f3rej\u00a0dane dotycz\u0105, wnios\u0142a sprzeciw wobec przetwarzania danych osobowych, osoba, kt\u00f3rej\u00a0dane dotycz\u0105 wycofa\u0142a zgod\u0119 na\u00a0przetwarzanie danych osobowych, kt\u00f3ra\u00a0jest podstaw\u0105 przetwarzania danych i\u00a0nie\u00a0ma innej podstawy prawnej przetwarzania danych, dane osobowe przetwarzane s\u0105 niezgodnie z\u00a0prawem, dane osobowe musza by\u0107 usuni\u0119te w\u00a0celu wywi\u0105zania si\u0119 z\u00a0obowi\u0105zku wynikaj\u0105cego z\u00a0przepis\u00f3w prawa; prawo do\u00a0\u017c\u0105dania ograniczenia przetwarzania danych osobowych \u2013 w\u00a0przypadku, gdy: osoba, kt\u00f3rej\u00a0dane dotycz\u0105 kwestionuje prawid\u0142owo\u015b\u0107 danych osobowych, przetwarzanie danych jest niezgodne z\u00a0prawem, a\u00a0osoba, kt\u00f3rej\u00a0dane dotycz\u0105 sprzeciwia si\u0119 usuni\u0119ciu danych, \u017c\u0105daj\u0105c w\u00a0zamian ich ograniczenia, Administrator nie\u00a0potrzebuje ju\u017c danych dla swoich cel\u00f3w, ale\u00a0osoba , kt\u00f3rej\u00a0dane dotycz\u0105, potrzebuje ich do\u00a0ustalenia, obrony lub dochodzenia roszcze\u0144, osoba, kt\u00f3rej\u00a0dane dotycz\u0105, wnios\u0142a sprzeciw wobec przetwarzania danych, do\u00a0czasu ustalenia czy\u00a0prawnie uzasadnione podstawy po\u00a0stronie administratora s\u0105 nadrz\u0119dne wobec podstawy sprzeciwu; prawo do\u00a0przenoszenia danych \u2013 przypadku gdy\u00a0\u0142\u0105cznie spe\u0142nione s\u0105 nast\u0119puj\u0105ce przes\u0142anki: przetwarzanie danych odbywa si\u0119 na\u00a0podstawie umowy zawartej z\u00a0osob\u0105, kt\u00f3rej\u00a0dane dotycz\u0105 lub na\u00a0podstawie zgody wyra\u017conej przez\u00a0t\u0105 osob\u0119, przetwarzanie odbywa si\u0119 w\u00a0spos\u00f3b automatyzowany; prawo sprzeciwu wobec przetwarzania danych \u2013 w\u00a0przypadku gdy\u00a0\u0142\u0105cznie spe\u0142nione s\u0105 nast\u0119puj\u0105ce przes\u0142anki: zaistniej\u0105 przyczyny zwi\u0105zane z\u00a0Pani\/Pana szczeg\u00f3ln\u0105 sytuacj\u0105, w\u00a0przypadku przetwarzania danych na\u00a0podstawie zadania realizowanego w\u00a0interesie publicznym lub w\u00a0ramach sprawowania w\u0142adzy publicznej przez\u00a0Administratora, przetwarzanie jest niezb\u0119dne do\u00a0cel\u00f3w wynikaj\u0105cych z\u00a0prawnie uzasadnianych interes\u00f3w realizowanych przez\u00a0administratora lub przez\u00a0stron\u0119 trzeci\u0105, z\u00a0wyj\u0105tkiem sytuacji, w\u00a0kt\u00f3rych\u00a0nadrz\u0119dny charakter wobec tych interes\u00f3w maj\u0105 interesy lub podstawowe prawa i\u00a0wolno\u015bci osoby, kt\u00f3rej\u00a0dane dotycz\u0105, wymagaj\u0105ce ochrony danych osobowych, w\u00a0szczelno\u015bci gdy\u00a0osoba, kt\u00f3rej\u00a0dane dotycz\u0105 jest dzieckiem.<\/li>\n<li>W\u00a0przypadku, gdy\u00a0przetwarzanie danych osobowych odbywa si\u0119 na\u00a0podstawie zgody osoby na\u00a0przewa\u017canie danych osobowych (art. 6 ust.1 lit a\u00a0RODO): przys\u0142uguje Pani\/Panu prawo do\u00a0cofni\u0119cia tej\u00a0zgody w\u00a0dowolnym momencie. Cofni\u0119cie to\u00a0nie\u00a0ma wp\u0142ywu na\u00a0zgodno\u015b\u0107 przetwarzania, kt\u00f3rego\u00a0dokonano na\u00a0podstawie zgody przed\u00a0jej cofni\u0119ciem, z\u00a0obowi\u0105zuj\u0105cym prawem.<\/li>\n<li>W\u00a0przypadku powzi\u0119cia informacji o\u00a0niezgodnym z\u00a0prawem przetwarzaniu przez\u00a0Administratora Pani\/Pana danych osobowych przys\u0142uguje Pani\/Panu prawo wniesienia skargi do\u00a0organu nadzorczego w\u0142a\u015bciwego w\u00a0prawach ochrony danych osobowych.<\/li>\n<li>W\u00a0sytuacji, gdy\u00a0przetwarzanie danych osobowych odbywa si\u0119 na\u00a0podstawie zgody osoby, kt\u00f3rej\u00a0dane dotycz\u0105 podanie przez\u00a0Pani\u0105 Pana danych osobowych Administratorowi ma charakter dobrowolny.<\/li>\n<li>Podanie przez\u00a0Pani\u0105\/Pana danych osobowych jest obowi\u0105zkowe w\u00a0sytuacji gdy\u00a0przes\u0142anka przetwarzania danych osobowych stanowi przepis prawa lub zawarta mi\u0119dzy stronami umowa.<\/li>\n<li>Pani\/Pana dane mog\u0105 by\u0107 przetwarzane w\u00a0spos\u00f3b zautomatyzowany.<\/li>\n<\/ol>\n","protected":false},"excerpt":{"rendered":"<p>Niniejsza Polityka Prywatno\u015bci okre\u015bla zasady przetwarzania danych przez\u00a0Dekpol S.A. z\u00a0siedzib\u0105 w\u00a0Pinczynie (83-251), przy ul.\u00a0Gajowej 31, NIP: 592-21-37-980, REGON: 220341682 i\/lub jej sp\u00f3\u0142ki zale\u017cne wchodz\u0105ce w\u00a0sk\u0142ad Grupy Kapita\u0142owej Dekpol S.A. PLIKI COOKIES W\u00a0celu dopasowania komunikacji marketingowej oraz\u00a0oferty produkt\u00f3w i\u00a0us\u0142ug do\u00a0osobistych preferencji i\u00a0zainteresowa\u0144 klienta, Dekpol S.A i\/lub sp\u00f3\u0142ki zale\u017cne stosuj\u0105 rozwi\u0105zania profiluj\u0105ce, kt\u00f3re polegaj\u0105 m.in.\u00a0na\u00a0indywidualizacji wysy\u0142anych komunikat\u00f3w [&hellip;]<\/p>\n","protected":false},"author":1,"featured_media":0,"parent":0,"menu_order":0,"comment_status":"closed","ping_status":"closed","template":"template-simple-page.php","meta":[],"acf":[],"yoast_head":"<!-- This site is optimized with the Yoast SEO plugin v21.1 - https:\/\/yoast.com\/wordpress\/plugins\/seo\/ -->\n<title>RODO - Grano Marina Hotel<\/title>\n<meta name=\"robots\" content=\"index, follow, max-snippet:-1, max-image-preview:large, max-video-preview:-1\" \/>\n<link rel=\"canonical\" href=\"https:\/\/hotel.solmarina.pl\/en\/rodo\/\" \/>\n<meta property=\"og:locale\" content=\"en_US\" \/>\n<meta property=\"og:type\" content=\"article\" \/>\n<meta property=\"og:title\" content=\"RODO - Grano Marina Hotel\" \/>\n<meta property=\"og:description\" content=\"Niniejsza Polityka Prywatno\u015bci okre\u015bla zasady przetwarzania danych przez\u00a0Dekpol S.A. z\u00a0siedzib\u0105 w\u00a0Pinczynie (83-251), przy ul.\u00a0Gajowej 31, NIP: 592-21-37-980, REGON: 220341682 i\/lub jej sp\u00f3\u0142ki zale\u017cne wchodz\u0105ce w\u00a0sk\u0142ad Grupy Kapita\u0142owej Dekpol S.A. PLIKI COOKIES W\u00a0celu dopasowania komunikacji marketingowej oraz\u00a0oferty produkt\u00f3w i\u00a0us\u0142ug do\u00a0osobistych preferencji i\u00a0zainteresowa\u0144 klienta, Dekpol S.A i\/lub sp\u00f3\u0142ki zale\u017cne stosuj\u0105 rozwi\u0105zania profiluj\u0105ce, kt\u00f3re polegaj\u0105 m.in.\u00a0na\u00a0indywidualizacji wysy\u0142anych komunikat\u00f3w [&hellip;]\" \/>\n<meta property=\"og:url\" content=\"https:\/\/hotel.solmarina.pl\/en\/rodo\/\" \/>\n<meta property=\"og:site_name\" content=\"Grano Marina Hotel\" \/>\n<meta property=\"article:publisher\" content=\"https:\/\/hotel.solmarina.pl\/?utm_source=dark-traffic&amp;amp%3bamp%3bamp%3butm_medium=social&amp;amp%3bamp%3bamp%3butm_campaign=open-graph\" \/>\n<meta name=\"twitter:card\" content=\"summary_large_image\" \/>\n<meta name=\"twitter:label1\" content=\"Est. reading time\" \/>\n\t<meta name=\"twitter:data1\" content=\"8 minutes\" \/>\n<script type=\"application\/ld+json\" class=\"yoast-schema-graph\">{\"@context\":\"https:\/\/schema.org\",\"@graph\":[{\"@type\":\"WebPage\",\"@id\":\"https:\/\/hotel.solmarina.pl\/en\/rodo\/\",\"url\":\"https:\/\/hotel.solmarina.pl\/en\/rodo\/\",\"name\":\"RODO - Grano Marina Hotel\",\"isPartOf\":{\"@id\":\"https:\/\/hotel.solmarina.pl\/#website\"},\"datePublished\":\"2020-07-02T13:50:58+00:00\",\"dateModified\":\"2020-07-02T13:50:58+00:00\",\"breadcrumb\":{\"@id\":\"https:\/\/hotel.solmarina.pl\/en\/rodo\/#breadcrumb\"},\"inLanguage\":\"en-US\",\"potentialAction\":[{\"@type\":\"ReadAction\",\"target\":[\"https:\/\/hotel.solmarina.pl\/en\/rodo\/\"]}]},{\"@type\":\"BreadcrumbList\",\"@id\":\"https:\/\/hotel.solmarina.pl\/en\/rodo\/#breadcrumb\",\"itemListElement\":[{\"@type\":\"ListItem\",\"position\":1,\"name\":\"Strona g\u0142\u00f3wna\",\"item\":\"https:\/\/hotel.solmarina.pl\/en\/\"},{\"@type\":\"ListItem\",\"position\":2,\"name\":\"RODO\"}]},{\"@type\":\"WebSite\",\"@id\":\"https:\/\/hotel.solmarina.pl\/#website\",\"url\":\"https:\/\/hotel.solmarina.pl\/\",\"name\":\"Grano Marina Hotel\",\"description\":\"Jedyna taka marina... nad Zatok\u0105 Gda\u0144sk\u0105\",\"potentialAction\":[{\"@type\":\"SearchAction\",\"target\":{\"@type\":\"EntryPoint\",\"urlTemplate\":\"https:\/\/hotel.solmarina.pl\/?s={search_term_string}\"},\"query-input\":\"required name=search_term_string\"}],\"inLanguage\":\"en-US\"}]}<\/script>\n<!-- \/ Yoast SEO plugin. -->","yoast_head_json":{"title":"RODO - Grano Marina Hotel","robots":{"index":"index","follow":"follow","max-snippet":"max-snippet:-1","max-image-preview":"max-image-preview:large","max-video-preview":"max-video-preview:-1"},"canonical":"https:\/\/hotel.solmarina.pl\/en\/rodo\/","og_locale":"en_US","og_type":"article","og_title":"RODO - Grano Marina Hotel","og_description":"Niniejsza Polityka Prywatno\u015bci okre\u015bla zasady przetwarzania danych przez\u00a0Dekpol S.A. z\u00a0siedzib\u0105 w\u00a0Pinczynie (83-251), przy ul.\u00a0Gajowej 31, NIP: 592-21-37-980, REGON: 220341682 i\/lub jej sp\u00f3\u0142ki zale\u017cne wchodz\u0105ce w\u00a0sk\u0142ad Grupy Kapita\u0142owej Dekpol S.A. PLIKI COOKIES W\u00a0celu dopasowania komunikacji marketingowej oraz\u00a0oferty produkt\u00f3w i\u00a0us\u0142ug do\u00a0osobistych preferencji i\u00a0zainteresowa\u0144 klienta, Dekpol S.A i\/lub sp\u00f3\u0142ki zale\u017cne stosuj\u0105 rozwi\u0105zania profiluj\u0105ce, kt\u00f3re polegaj\u0105 m.in.\u00a0na\u00a0indywidualizacji wysy\u0142anych komunikat\u00f3w [&hellip;]","og_url":"https:\/\/hotel.solmarina.pl\/en\/rodo\/","og_site_name":"Grano Marina Hotel","article_publisher":"https:\/\/hotel.solmarina.pl\/?utm_source=dark-traffic&amp%3bamp%3bamp%3butm_medium=social&amp%3bamp%3bamp%3butm_campaign=open-graph","twitter_card":"summary_large_image","twitter_misc":{"Est. reading time":"8 minutes"},"schema":{"@context":"https:\/\/schema.org","@graph":[{"@type":"WebPage","@id":"https:\/\/hotel.solmarina.pl\/en\/rodo\/","url":"https:\/\/hotel.solmarina.pl\/en\/rodo\/","name":"RODO - Grano Marina Hotel","isPartOf":{"@id":"https:\/\/hotel.solmarina.pl\/#website"},"datePublished":"2020-07-02T13:50:58+00:00","dateModified":"2020-07-02T13:50:58+00:00","breadcrumb":{"@id":"https:\/\/hotel.solmarina.pl\/en\/rodo\/#breadcrumb"},"inLanguage":"en-US","potentialAction":[{"@type":"ReadAction","target":["https:\/\/hotel.solmarina.pl\/en\/rodo\/"]}]},{"@type":"BreadcrumbList","@id":"https:\/\/hotel.solmarina.pl\/en\/rodo\/#breadcrumb","itemListElement":[{"@type":"ListItem","position":1,"name":"Strona g\u0142\u00f3wna","item":"https:\/\/hotel.solmarina.pl\/en\/"},{"@type":"ListItem","position":2,"name":"RODO"}]},{"@type":"WebSite","@id":"https:\/\/hotel.solmarina.pl\/#website","url":"https:\/\/hotel.solmarina.pl\/","name":"Grano Marina Hotel","description":"Jedyna taka marina... nad Zatok\u0105 Gda\u0144sk\u0105","potentialAction":[{"@type":"SearchAction","target":{"@type":"EntryPoint","urlTemplate":"https:\/\/hotel.solmarina.pl\/?s={search_term_string}"},"query-input":"required name=search_term_string"}],"inLanguage":"en-US"}]}},"_links":{"self":[{"href":"https:\/\/hotel.solmarina.pl\/en\/wp-json\/wp\/v2\/pages\/1458"}],"collection":[{"href":"https:\/\/hotel.solmarina.pl\/en\/wp-json\/wp\/v2\/pages"}],"about":[{"href":"https:\/\/hotel.solmarina.pl\/en\/wp-json\/wp\/v2\/types\/page"}],"author":[{"embeddable":true,"href":"https:\/\/hotel.solmarina.pl\/en\/wp-json\/wp\/v2\/users\/1"}],"replies":[{"embeddable":true,"href":"https:\/\/hotel.solmarina.pl\/en\/wp-json\/wp\/v2\/comments?post=1458"}],"version-history":[{"count":1,"href":"https:\/\/hotel.solmarina.pl\/en\/wp-json\/wp\/v2\/pages\/1458\/revisions"}],"predecessor-version":[{"id":1459,"href":"https:\/\/hotel.solmarina.pl\/en\/wp-json\/wp\/v2\/pages\/1458\/revisions\/1459"}],"wp:attachment":[{"href":"https:\/\/hotel.solmarina.pl\/en\/wp-json\/wp\/v2\/media?parent=1458"}],"curies":[{"name":"wp","href":"https:\/\/api.w.org\/{rel}","templated":true}]}}